{"id":11,"date":"2017-12-15T12:38:45","date_gmt":"2017-12-15T14:38:45","guid":{"rendered":"http:\/\/35.198.48.1\/?page_id=11"},"modified":"2018-01-25T00:59:20","modified_gmt":"2018-01-25T02:59:20","slug":"contatos","status":"publish","type":"page","link":"https:\/\/ortopediaortos.com.br\/index.php\/contatos\/","title":{"rendered":"Fale conosco"},"content":{"rendered":"<p>Caso queira agendar uma consulta com um dos nossos especialistas, o telefone \u00e9\u00a0(31) 3176-8017.<\/p>\n<p>Se quiser nos deixar uma mensagem, use nossas p\u00e1ginas do <strong><a href=\"https:\/\/www.facebook.com\/clinicaortos\/\" target=\"_blank\" rel=\"noopener\">Facebook<\/a><\/strong> ou do <a href=\"https:\/\/www.instagram.com\/clinicaortos\/\" target=\"_blank\" rel=\"noopener\"><strong>Instagram<\/strong><\/a>. Nelas publicamos periodicamente dicas para desenvolver o aparelho locomotor e alertas de cuidado com os m\u00fasculos e articula\u00e7\u00f5es.<\/p>\n","protected":false},"excerpt":{"rendered":"<p>Caso queira agendar uma consulta com um dos nossos especialistas, o telefone \u00e9\u00a0(31) 3176-8017. Se quiser nos deixar uma mensagem, [&hellip;]<\/p>\n","protected":false},"author":1,"featured_media":0,"parent":0,"menu_order":0,"comment_status":"closed","ping_status":"closed","template":"","meta":{"footnotes":""},"class_list":["post-11","page","type-page","status-publish","hentry"],"_links":{"self":[{"href":"https:\/\/ortopediaortos.com.br\/index.php\/wp-json\/wp\/v2\/pages\/11","targetHints":{"allow":["GET"]}}],"collection":[{"href":"https:\/\/ortopediaortos.com.br\/index.php\/wp-json\/wp\/v2\/pages"}],"about":[{"href":"https:\/\/ortopediaortos.com.br\/index.php\/wp-json\/wp\/v2\/types\/page"}],"author":[{"embeddable":true,"href":"https:\/\/ortopediaortos.com.br\/index.php\/wp-json\/wp\/v2\/users\/1"}],"replies":[{"embeddable":true,"href":"https:\/\/ortopediaortos.com.br\/index.php\/wp-json\/wp\/v2\/comments?post=11"}],"version-history":[{"count":4,"href":"https:\/\/ortopediaortos.com.br\/index.php\/wp-json\/wp\/v2\/pages\/11\/revisions"}],"predecessor-version":[{"id":57,"href":"https:\/\/ortopediaortos.com.br\/index.php\/wp-json\/wp\/v2\/pages\/11\/revisions\/57"}],"wp:attachment":[{"href":"https:\/\/ortopediaortos.com.br\/index.php\/wp-json\/wp\/v2\/media?parent=11"}],"curies":[{"name":"wp","href":"https:\/\/api.w.org\/{rel}","templated":true}]}}