{"id":182,"date":"2018-03-13T02:02:23","date_gmt":"2018-03-13T05:02:23","guid":{"rendered":"https:\/\/ortopediaortos.com.br\/?page_id=182"},"modified":"2018-05-02T11:16:42","modified_gmt":"2018-05-02T14:16:42","slug":"artigos","status":"publish","type":"page","link":"https:\/\/ortopediaortos.com.br\/index.php\/artigos\/","title":{"rendered":"Artigos"},"content":{"rendered":"<p><strong><a href=\"https:\/\/ortopediaortos.com.br\/index.php\/artigos\/voce-sabe-o-que-e-capsulite-adesiva\/\">&gt; Voc\u00ea sabe o que \u00e9 capsulite adesiva?<\/a><\/strong><br \/>\n<a href=\"https:\/\/ortopediaortos.com.br\/index.php\/nossos-especialistas\/dr-andre-diniz-correa\/\">Por Dr. Andr\u00e9 Diniz Correa<\/a><br \/>\nPublicado em 2 de maio de 2018<\/p>\n<p><strong><a href=\"https:\/\/ortopediaortos.com.br\/index.php\/fasceite-plantar-causas-tratamento\/\">&gt;\u00a0Fasce\u00edte plantar: causas e formas de tratamento<\/a><\/strong><br \/>\n<a href=\"https:\/\/ortopediaortos.com.br\/index.php\/nossos-especialistas\/dr-lucas-f-cruz-e-silva\/\" class=\"broken_link\">Por Dr. Lucas F. Cruz<\/a><br \/>\nPublicado em 13 de mar\u00e7o de 2018<\/p>\n<p><a href=\"https:\/\/ortopediaortos.com.br\/index.php\/ortos-especialidades-ortopedicas\/sindrome-do-tunel-do-carpo\/\"><strong>&gt; S\u00edndrome do t\u00fanel do carpo: saiba quais s\u00e3o os sintomas e como diagnostic\u00e1-la<\/strong><\/a><br \/>\n<a href=\"https:\/\/ortopediaortos.com.br\/index.php\/nossos-especialistas\/dr-bruno-paio-barreiros\/\">Por Dr. Bruno Paio Barreiros<\/a><br \/>\nPublicado em 14 de fevereiro de 2018<\/p>\n","protected":false},"excerpt":{"rendered":"<p>&gt; Voc\u00ea sabe o que \u00e9 capsulite adesiva? Por Dr. Andr\u00e9 Diniz Correa Publicado em 2 de maio de 2018 [&hellip;]<\/p>\n","protected":false},"author":1,"featured_media":0,"parent":0,"menu_order":0,"comment_status":"closed","ping_status":"closed","template":"","meta":{"footnotes":""},"class_list":["post-182","page","type-page","status-publish","hentry"],"_links":{"self":[{"href":"https:\/\/ortopediaortos.com.br\/index.php\/wp-json\/wp\/v2\/pages\/182","targetHints":{"allow":["GET"]}}],"collection":[{"href":"https:\/\/ortopediaortos.com.br\/index.php\/wp-json\/wp\/v2\/pages"}],"about":[{"href":"https:\/\/ortopediaortos.com.br\/index.php\/wp-json\/wp\/v2\/types\/page"}],"author":[{"embeddable":true,"href":"https:\/\/ortopediaortos.com.br\/index.php\/wp-json\/wp\/v2\/users\/1"}],"replies":[{"embeddable":true,"href":"https:\/\/ortopediaortos.com.br\/index.php\/wp-json\/wp\/v2\/comments?post=182"}],"version-history":[{"count":3,"href":"https:\/\/ortopediaortos.com.br\/index.php\/wp-json\/wp\/v2\/pages\/182\/revisions"}],"predecessor-version":[{"id":213,"href":"https:\/\/ortopediaortos.com.br\/index.php\/wp-json\/wp\/v2\/pages\/182\/revisions\/213"}],"wp:attachment":[{"href":"https:\/\/ortopediaortos.com.br\/index.php\/wp-json\/wp\/v2\/media?parent=182"}],"curies":[{"name":"wp","href":"https:\/\/api.w.org\/{rel}","templated":true}]}}