{"id":2,"date":"2017-12-15T14:24:21","date_gmt":"2017-12-15T14:24:21","guid":{"rendered":"http:\/\/35.198.48.1\/?page_id=2"},"modified":"2018-03-13T02:19:21","modified_gmt":"2018-03-13T05:19:21","slug":"ortos-especialidades-ortopedicas","status":"publish","type":"page","link":"https:\/\/ortopediaortos.com.br\/","title":{"rendered":"Ortos Especialidades Ortop\u00e9dicas"},"content":{"rendered":"<p>A Ortos Especialidades Ortop\u00e9dicas \u00e9 uma cl\u00ednica m\u00e9dica localizada em Sete Lagoas-MG. Dedicamo-nos a promover o bem-estar dos nossos pacientes focando na sa\u00fade de todo aparelho locomotor. Defendemos a preven\u00e7\u00e3o como a melhor forma de cuidar do corpo e tratamos com aten\u00e7\u00e3o as doen\u00e7as e deformidades ortop\u00e9dicas.<\/p>\n<p>Somos uma cl\u00ednica completa, formada por especialistas no tratamento de les\u00f5es e patologias de cada \u00e1rea da ortopedia: coluna, joelho, m\u00e3o, ombro, cotovelo, quadril, tornozelo e p\u00e9.<\/p>\n","protected":false},"excerpt":{"rendered":"<p>A Ortos Especialidades Ortop\u00e9dicas \u00e9 uma cl\u00ednica m\u00e9dica localizada em Sete Lagoas-MG. Dedicamo-nos a promover o bem-estar dos nossos pacientes [&hellip;]<\/p>\n","protected":false},"author":1,"featured_media":0,"parent":0,"menu_order":0,"comment_status":"closed","ping_status":"open","template":"","meta":{"footnotes":""},"class_list":["post-2","page","type-page","status-publish","hentry"],"_links":{"self":[{"href":"https:\/\/ortopediaortos.com.br\/index.php\/wp-json\/wp\/v2\/pages\/2","targetHints":{"allow":["GET"]}}],"collection":[{"href":"https:\/\/ortopediaortos.com.br\/index.php\/wp-json\/wp\/v2\/pages"}],"about":[{"href":"https:\/\/ortopediaortos.com.br\/index.php\/wp-json\/wp\/v2\/types\/page"}],"author":[{"embeddable":true,"href":"https:\/\/ortopediaortos.com.br\/index.php\/wp-json\/wp\/v2\/users\/1"}],"replies":[{"embeddable":true,"href":"https:\/\/ortopediaortos.com.br\/index.php\/wp-json\/wp\/v2\/comments?post=2"}],"version-history":[{"count":4,"href":"https:\/\/ortopediaortos.com.br\/index.php\/wp-json\/wp\/v2\/pages\/2\/revisions"}],"predecessor-version":[{"id":154,"href":"https:\/\/ortopediaortos.com.br\/index.php\/wp-json\/wp\/v2\/pages\/2\/revisions\/154"}],"wp:attachment":[{"href":"https:\/\/ortopediaortos.com.br\/index.php\/wp-json\/wp\/v2\/media?parent=2"}],"curies":[{"name":"wp","href":"https:\/\/api.w.org\/{rel}","templated":true}]}}