{"id":22,"date":"2017-12-15T16:11:40","date_gmt":"2017-12-15T18:11:40","guid":{"rendered":"https:\/\/ortopediaortos.com.br\/?page_id=22"},"modified":"2018-04-24T11:21:13","modified_gmt":"2018-04-24T14:21:13","slug":"dr-andre-diniz-correa","status":"publish","type":"page","link":"https:\/\/ortopediaortos.com.br\/index.php\/nossos-especialistas\/dr-andre-diniz-correa\/","title":{"rendered":"Dr. Andr\u00e9 Diniz Corr\u00eaa"},"content":{"rendered":"<p><img loading=\"lazy\" decoding=\"async\" class=\"alignleft wp-image-52\" src=\"https:\/\/ortopediaortos.com.br\/wp-content\/uploads\/2017\/12\/ortos_andre_02-e1513459226979-286x300.jpeg\" alt=\"\" width=\"109\" height=\"115\" srcset=\"https:\/\/ortopediaortos.com.br\/wp-content\/uploads\/2017\/12\/ortos_andre_02-e1513459226979-286x300.jpeg 286w, https:\/\/ortopediaortos.com.br\/wp-content\/uploads\/2017\/12\/ortos_andre_02-e1513459226979.jpeg 588w\" sizes=\"auto, (max-width: 109px) 100vw, 109px\" \/>Natural de Sete Lagoas, Dr. Andr\u00e9 \u00e9 m\u00e9dico formado pela Universidade Federal de Minas Gerais. Realizou sua resid\u00eancia em ortopedia no Hospital das Cl\u00ednicas da Universidade Federal de Uberl\u00e2ndia. Dr. Andr\u00e9 especializou-se em cirurgia do ombro e cotovelo e desde ent\u00e3o vem atuando no tratamento cl\u00ednico e cir\u00fargico das principais doen\u00e7as e traumas ortop\u00e9dicos.<\/p>\n<div class=\"text_exposed_show\">\n<p>Al\u00e9m de ser integrante da equipe Ortos Especialidades Ortop\u00e9dicas, o Dr. Andr\u00e9 faz parte do corpo cl\u00ednico do Hospital Jo\u00e3o XXIII.<\/p>\n<\/div>\n","protected":false},"excerpt":{"rendered":"<p>Natural de Sete Lagoas, Dr. Andr\u00e9 \u00e9 m\u00e9dico formado pela Universidade Federal de Minas Gerais. Realizou sua resid\u00eancia em ortopedia [&hellip;]<\/p>\n","protected":false},"author":1,"featured_media":0,"parent":10,"menu_order":0,"comment_status":"closed","ping_status":"closed","template":"","meta":{"footnotes":""},"class_list":["post-22","page","type-page","status-publish","hentry"],"_links":{"self":[{"href":"https:\/\/ortopediaortos.com.br\/index.php\/wp-json\/wp\/v2\/pages\/22","targetHints":{"allow":["GET"]}}],"collection":[{"href":"https:\/\/ortopediaortos.com.br\/index.php\/wp-json\/wp\/v2\/pages"}],"about":[{"href":"https:\/\/ortopediaortos.com.br\/index.php\/wp-json\/wp\/v2\/types\/page"}],"author":[{"embeddable":true,"href":"https:\/\/ortopediaortos.com.br\/index.php\/wp-json\/wp\/v2\/users\/1"}],"replies":[{"embeddable":true,"href":"https:\/\/ortopediaortos.com.br\/index.php\/wp-json\/wp\/v2\/comments?post=22"}],"version-history":[{"count":6,"href":"https:\/\/ortopediaortos.com.br\/index.php\/wp-json\/wp\/v2\/pages\/22\/revisions"}],"predecessor-version":[{"id":204,"href":"https:\/\/ortopediaortos.com.br\/index.php\/wp-json\/wp\/v2\/pages\/22\/revisions\/204"}],"up":[{"embeddable":true,"href":"https:\/\/ortopediaortos.com.br\/index.php\/wp-json\/wp\/v2\/pages\/10"}],"wp:attachment":[{"href":"https:\/\/ortopediaortos.com.br\/index.php\/wp-json\/wp\/v2\/media?parent=22"}],"curies":[{"name":"wp","href":"https:\/\/api.w.org\/{rel}","templated":true}]}}