{"id":42,"date":"2017-12-16T19:08:31","date_gmt":"2017-12-16T21:08:31","guid":{"rendered":"https:\/\/ortopediaortos.com.br\/?page_id=42"},"modified":"2018-01-13T17:03:55","modified_gmt":"2018-01-13T19:03:55","slug":"dr-bruno-paio-barreiros","status":"publish","type":"page","link":"https:\/\/ortopediaortos.com.br\/index.php\/nossos-especialistas\/dr-bruno-paio-barreiros\/","title":{"rendered":"Dr. Bruno Paio Barreiros"},"content":{"rendered":"<p><img loading=\"lazy\" decoding=\"async\" class=\"alignleft wp-image-43\" src=\"https:\/\/ortopediaortos.com.br\/wp-content\/uploads\/2017\/12\/ortos_bruno_01-300x264.jpg\" alt=\"\" width=\"148\" height=\"130\" srcset=\"https:\/\/ortopediaortos.com.br\/wp-content\/uploads\/2017\/12\/ortos_bruno_01-300x264.jpg 300w, https:\/\/ortopediaortos.com.br\/wp-content\/uploads\/2017\/12\/ortos_bruno_01-768x675.jpg 768w, https:\/\/ortopediaortos.com.br\/wp-content\/uploads\/2017\/12\/ortos_bruno_01-1024x900.jpg 1024w, https:\/\/ortopediaortos.com.br\/wp-content\/uploads\/2017\/12\/ortos_bruno_01.jpg 1280w\" sizes=\"auto, (max-width: 148px) 100vw, 148px\" \/>Natural de Belo Horizonte, Dr. Bruno graduou-se pela Faculdade de Ci\u00eancias M\u00e9dicas de Minas Gerais em 2008. Tr\u00eas anos depois concluiu sua especializa\u00e7\u00e3o em ortopedia e em 2013 finalizou a especializa\u00e7\u00e3o em cirurgia de m\u00e3o, ambas pela rede Fhemig.<\/p>\n<p>Membro das Sociedades Brasileiras de Ortopedia e de Cirurgia da M\u00e3o, Dr. Bruno atua em Sete Lagoas desde 2013, j\u00e1 tendo acumulado experi\u00eancia em casos de les\u00f5es traum\u00e1ticas e reconstru\u00e7\u00f5es do membro superior. Al\u00e9m disso, trata diversos casos de pacientes com condi\u00e7\u00f5es n\u00e3o traum\u00e1ticas como s\u00edndrome do t\u00fanel do carpo, cistos e tendinites<\/p>\n","protected":false},"excerpt":{"rendered":"<p>Natural de Belo Horizonte, Dr. Bruno graduou-se pela Faculdade de Ci\u00eancias M\u00e9dicas de Minas Gerais em 2008. Tr\u00eas anos depois [&hellip;]<\/p>\n","protected":false},"author":1,"featured_media":0,"parent":10,"menu_order":0,"comment_status":"closed","ping_status":"closed","template":"","meta":{"footnotes":""},"class_list":["post-42","page","type-page","status-publish","hentry"],"_links":{"self":[{"href":"https:\/\/ortopediaortos.com.br\/index.php\/wp-json\/wp\/v2\/pages\/42","targetHints":{"allow":["GET"]}}],"collection":[{"href":"https:\/\/ortopediaortos.com.br\/index.php\/wp-json\/wp\/v2\/pages"}],"about":[{"href":"https:\/\/ortopediaortos.com.br\/index.php\/wp-json\/wp\/v2\/types\/page"}],"author":[{"embeddable":true,"href":"https:\/\/ortopediaortos.com.br\/index.php\/wp-json\/wp\/v2\/users\/1"}],"replies":[{"embeddable":true,"href":"https:\/\/ortopediaortos.com.br\/index.php\/wp-json\/wp\/v2\/comments?post=42"}],"version-history":[{"count":2,"href":"https:\/\/ortopediaortos.com.br\/index.php\/wp-json\/wp\/v2\/pages\/42\/revisions"}],"predecessor-version":[{"id":45,"href":"https:\/\/ortopediaortos.com.br\/index.php\/wp-json\/wp\/v2\/pages\/42\/revisions\/45"}],"up":[{"embeddable":true,"href":"https:\/\/ortopediaortos.com.br\/index.php\/wp-json\/wp\/v2\/pages\/10"}],"wp:attachment":[{"href":"https:\/\/ortopediaortos.com.br\/index.php\/wp-json\/wp\/v2\/media?parent=42"}],"curies":[{"name":"wp","href":"https:\/\/api.w.org\/{rel}","templated":true}]}}