{"id":48,"date":"2017-12-16T19:17:25","date_gmt":"2017-12-16T21:17:25","guid":{"rendered":"https:\/\/ortopediaortos.com.br\/?page_id=48"},"modified":"2018-07-03T23:58:13","modified_gmt":"2018-07-04T02:58:13","slug":"dr-tiago-kfuri-maciel","status":"publish","type":"page","link":"https:\/\/ortopediaortos.com.br\/index.php\/nossos-especialistas\/dr-tiago-kfuri-maciel\/","title":{"rendered":"Dr. Tiago Kfuri Maciel"},"content":{"rendered":"<p><img loading=\"lazy\" decoding=\"async\" class=\"alignleft wp-image-49\" src=\"https:\/\/ortopediaortos.com.br\/wp-content\/uploads\/2017\/12\/ortos_tiago_01-e1513459029728-216x300.jpeg\" alt=\"\" width=\"139\" height=\"194\" srcset=\"https:\/\/ortopediaortos.com.br\/wp-content\/uploads\/2017\/12\/ortos_tiago_01-e1513459029728-216x300.jpeg 216w, https:\/\/ortopediaortos.com.br\/wp-content\/uploads\/2017\/12\/ortos_tiago_01-e1513459029728.jpeg 639w\" sizes=\"auto, (max-width: 139px) 100vw, 139px\" \/>Dr. Tiago Kfuri Maciel \u00e9 m\u00e9dico graduado pela Faculdade de Medicina de Petr\u00f3polis.<\/p>\n<p>Realizou a sua Resid\u00eancia M\u00e9dica em Ortopedia e Traumatologia na Santa Casa de Belo Horizonte &#8211; MEC\/SBOT.<\/p>\n<p>Fez a sua Subespecializa\u00e7\u00e3o em Coluna Vertebral no Hospital Lifecenter\/Ortop\u00e9dico.<\/p>\n<p>Tem forma\u00e7\u00e3o em Cirurgia de Joelho pela Santa Casa de Belo Horizonte.<\/p>\n<p>\u00c9 Membro Titular das seguintes Sociedades: Sociedade Brasileira de Ortopedia e Traumatologia (SBOT), Sociedade Brasileira de Coluna (SBC) e Sociedade Brasileira de Cirurgia do Joelho (SBCJ).<\/p>\n<p>Realiza atendimentos em Ortopedia Geral , Cirurgia Artrosc\u00f3pica de Joelho e Cirurgia e Bloqueios de coluna.<\/p>\n","protected":false},"excerpt":{"rendered":"<p>Dr. Tiago Kfuri Maciel \u00e9 m\u00e9dico graduado pela Faculdade de Medicina de Petr\u00f3polis. Realizou a sua Resid\u00eancia M\u00e9dica em Ortopedia [&hellip;]<\/p>\n","protected":false},"author":1,"featured_media":0,"parent":10,"menu_order":0,"comment_status":"closed","ping_status":"closed","template":"","meta":{"footnotes":""},"class_list":["post-48","page","type-page","status-publish","hentry"],"_links":{"self":[{"href":"https:\/\/ortopediaortos.com.br\/index.php\/wp-json\/wp\/v2\/pages\/48","targetHints":{"allow":["GET"]}}],"collection":[{"href":"https:\/\/ortopediaortos.com.br\/index.php\/wp-json\/wp\/v2\/pages"}],"about":[{"href":"https:\/\/ortopediaortos.com.br\/index.php\/wp-json\/wp\/v2\/types\/page"}],"author":[{"embeddable":true,"href":"https:\/\/ortopediaortos.com.br\/index.php\/wp-json\/wp\/v2\/users\/1"}],"replies":[{"embeddable":true,"href":"https:\/\/ortopediaortos.com.br\/index.php\/wp-json\/wp\/v2\/comments?post=48"}],"version-history":[{"count":4,"href":"https:\/\/ortopediaortos.com.br\/index.php\/wp-json\/wp\/v2\/pages\/48\/revisions"}],"predecessor-version":[{"id":230,"href":"https:\/\/ortopediaortos.com.br\/index.php\/wp-json\/wp\/v2\/pages\/48\/revisions\/230"}],"up":[{"embeddable":true,"href":"https:\/\/ortopediaortos.com.br\/index.php\/wp-json\/wp\/v2\/pages\/10"}],"wp:attachment":[{"href":"https:\/\/ortopediaortos.com.br\/index.php\/wp-json\/wp\/v2\/media?parent=48"}],"curies":[{"name":"wp","href":"https:\/\/api.w.org\/{rel}","templated":true}]}}