{"id":9,"date":"2017-12-15T12:38:45","date_gmt":"2017-12-15T14:38:45","guid":{"rendered":"http:\/\/35.198.48.1\/?page_id=9"},"modified":"2018-02-28T18:40:55","modified_gmt":"2018-02-28T21:40:55","slug":"nossa-estrutura","status":"publish","type":"page","link":"https:\/\/ortopediaortos.com.br\/index.php\/nossa-estrutura\/","title":{"rendered":"Nossa estrutura"},"content":{"rendered":"<p>Estamos localizados na rua Senador Salgado Filho n\u00ba 140, no centro de Sete Lagoas-MG. O pr\u00e9dio conta com estacionamento pr\u00f3prio, oferecendo mais comodidade aos pacientes.<\/p>\n<p>Nossos pacientes s\u00e3o atendidos em consult\u00f3rios modernos e confort\u00e1veis, integralmente equipados para realiza\u00e7\u00e3o do diagn\u00f3stico inicial de doen\u00e7as e deformidades ortop\u00e9dicas.<!--more--><\/p>\n<div id='gallery-1' class='gallery galleryid-9 gallery-columns-3 gallery-size-medium'><figure class='gallery-item'>\n\t\t\t<div class='gallery-icon landscape'>\n\t\t\t\t<a href='https:\/\/ortopediaortos.com.br\/wp-content\/uploads\/2017\/12\/ortos_consultorio_01.jpg'><img loading=\"lazy\" decoding=\"async\" width=\"300\" height=\"225\" src=\"https:\/\/ortopediaortos.com.br\/wp-content\/uploads\/2017\/12\/ortos_consultorio_01-300x225.jpg\" class=\"attachment-medium size-medium\" alt=\"\" srcset=\"https:\/\/ortopediaortos.com.br\/wp-content\/uploads\/2017\/12\/ortos_consultorio_01-300x225.jpg 300w, https:\/\/ortopediaortos.com.br\/wp-content\/uploads\/2017\/12\/ortos_consultorio_01-768x576.jpg 768w, https:\/\/ortopediaortos.com.br\/wp-content\/uploads\/2017\/12\/ortos_consultorio_01-1024x768.jpg 1024w, https:\/\/ortopediaortos.com.br\/wp-content\/uploads\/2017\/12\/ortos_consultorio_01.jpg 1080w\" sizes=\"auto, (max-width: 300px) 100vw, 300px\" \/><\/a>\n\t\t\t<\/div><\/figure><figure class='gallery-item'>\n\t\t\t<div class='gallery-icon landscape'>\n\t\t\t\t<a href='https:\/\/ortopediaortos.com.br\/wp-content\/uploads\/2017\/12\/ortos_consultorio_04.jpg'><img loading=\"lazy\" decoding=\"async\" width=\"300\" height=\"225\" src=\"https:\/\/ortopediaortos.com.br\/wp-content\/uploads\/2017\/12\/ortos_consultorio_04-300x225.jpg\" class=\"attachment-medium size-medium\" alt=\"\" srcset=\"https:\/\/ortopediaortos.com.br\/wp-content\/uploads\/2017\/12\/ortos_consultorio_04-300x225.jpg 300w, https:\/\/ortopediaortos.com.br\/wp-content\/uploads\/2017\/12\/ortos_consultorio_04-768x576.jpg 768w, https:\/\/ortopediaortos.com.br\/wp-content\/uploads\/2017\/12\/ortos_consultorio_04-1024x768.jpg 1024w, https:\/\/ortopediaortos.com.br\/wp-content\/uploads\/2017\/12\/ortos_consultorio_04.jpg 1080w\" sizes=\"auto, (max-width: 300px) 100vw, 300px\" \/><\/a>\n\t\t\t<\/div><\/figure>\n\t\t<\/div>\n\n","protected":false},"excerpt":{"rendered":"<p>Estamos localizados na rua Senador Salgado Filho n\u00ba 140, no centro de Sete Lagoas-MG. O pr\u00e9dio conta com estacionamento pr\u00f3prio, [&hellip;]<\/p>\n","protected":false},"author":1,"featured_media":0,"parent":0,"menu_order":0,"comment_status":"closed","ping_status":"closed","template":"","meta":{"footnotes":""},"class_list":["post-9","page","type-page","status-publish","hentry"],"_links":{"self":[{"href":"https:\/\/ortopediaortos.com.br\/index.php\/wp-json\/wp\/v2\/pages\/9","targetHints":{"allow":["GET"]}}],"collection":[{"href":"https:\/\/ortopediaortos.com.br\/index.php\/wp-json\/wp\/v2\/pages"}],"about":[{"href":"https:\/\/ortopediaortos.com.br\/index.php\/wp-json\/wp\/v2\/types\/page"}],"author":[{"embeddable":true,"href":"https:\/\/ortopediaortos.com.br\/index.php\/wp-json\/wp\/v2\/users\/1"}],"replies":[{"embeddable":true,"href":"https:\/\/ortopediaortos.com.br\/index.php\/wp-json\/wp\/v2\/comments?post=9"}],"version-history":[{"count":9,"href":"https:\/\/ortopediaortos.com.br\/index.php\/wp-json\/wp\/v2\/pages\/9\/revisions"}],"predecessor-version":[{"id":146,"href":"https:\/\/ortopediaortos.com.br\/index.php\/wp-json\/wp\/v2\/pages\/9\/revisions\/146"}],"wp:attachment":[{"href":"https:\/\/ortopediaortos.com.br\/index.php\/wp-json\/wp\/v2\/media?parent=9"}],"curies":[{"name":"wp","href":"https:\/\/api.w.org\/{rel}","templated":true}]}}